{"id":75,"date":"2020-12-29T15:42:28","date_gmt":"2020-12-29T14:42:28","guid":{"rendered":"https:\/\/www.hedenstedgolf.dk\/seniorsection\/?page_id=75"},"modified":"2026-03-16T17:02:43","modified_gmt":"2026-03-16T16:02:43","slug":"gf-2025","status":"publish","type":"page","link":"https:\/\/www.hedenstedgolf.dk\/seniorsection\/gf-2025\/","title":{"rendered":"GF 2025"},"content":{"rendered":"<h1>Generalforsamlingen for 2025<\/h1>\n<p>Afholdt d. 8. oktober 2025<\/p>\n<p><strong>Dagsorden<\/strong><\/p>\n<ol>\n<li>Valg af dirigent. Bestyrelsen foresl\u00e5r Leif Emil Rasmussen<\/li>\n<li>Formandens beretning<\/li>\n<li>Afl\u00e6ggelse af regnskab ved kasseren<\/li>\n<li>Fastl\u00e6ggelse af kontingent 2026. Bestyrelsen foresl\u00e5r u\u00e6ndret kontingent 300 kr.<\/li>\n<\/ol>\n<ol start=\"5\">\n<li><strong> Indkomne forslag;<\/strong><\/li>\n<\/ol>\n<p>Forslag fra bestyrelsen om \u00e6ndring af Seniorklubbens vedt\u00e6gterne \u00a75 afsnit 1:<\/p>\n<ul>\n<li>Nuv\u00e6rende tekst: Klubbens \u00f8verste myndighed er generalforsamlingen som afholdes hvert \u00e5r medio oktober.<\/li>\n<li>\u00c6ndres til: Klubbens \u00f8verste myndighed er generalforsamlingen som afholdes hvert \u00e5r ultimo september\/primo oktober.<\/li>\n<\/ul>\n<ol start=\"6\">\n<li><strong> Valg til Bestyrelse: p\u00e5 valg er:<\/strong><\/li>\n<\/ol>\n<ul>\n<li>Erik Hviid Hansen (modtager ikke genvalg).<\/li>\n<li>J\u00f8rgen Falstie (modtager genvalg).<\/li>\n<li>Bestyrelsen foresl\u00e5r Leif Emil Rasmussen som nyt bestyrelsesmedlem.<\/li>\n<\/ul>\n<ol start=\"7\">\n<li><strong> Valg af Suppleant.<\/strong>\n<ul>\n<li>Bestyrelsen foresl\u00e5r genvalg af Jytte Nielsen.<\/li>\n<\/ul>\n<\/li>\n<\/ol>\n<ol start=\"8\">\n<li><strong> Eventuelt<\/strong>.<\/li>\n<\/ol>\n<ul>\n<li>Venskabsmatch mod Horsens forts\u00e6tter.<\/li>\n<li>Sommertur 2026 bliver p\u00e5 niveau med 2025, timing 8-9 juni, sted er n\u00e6sten bestemt.<\/li>\n<li>Spilletidspunkt 2026 bliver kl. 9:00, s\u00e5 tilgodeser vi bedst muligt \u00f8vrige medlemmer. Det er nu muligt at starte tidligere efter vi har f\u00e5et robotter.<\/li>\n<li>Hvis der er under 8 deltagere til 9-hullerts bliver der ingen match, scorekort udskrives.<\/li>\n<li>Fra s\u00e6sonstart 2026 bliver vores matcher med indtastning af scorekort via telefonen, her har vi et skema vi sender rundt hvor I der kender til indtastning via telefonen gerne m\u00e5 skrive jer p\u00e5.<\/li>\n<\/ul>\n","protected":false},"excerpt":{"rendered":"<p>Generalforsamlingen for 2025 Afholdt d. 8. oktober 2025 Dagsorden Valg af dirigent. Bestyrelsen foresl\u00e5r Leif Emil Rasmussen Formandens beretning Afl\u00e6ggelse af regnskab ved kasseren Fastl\u00e6ggelse af kontingent 2026. Bestyrelsen foresl\u00e5r u\u00e6ndret kontingent 300 kr. Indkomne forslag; Forslag fra bestyrelsen om \u00e6ndring af Seniorklubbens vedt\u00e6gterne \u00a75 afsnit 1: Nuv\u00e6rende tekst: Klubbens \u00f8verste myndighed er generalforsamlingen som [&hellip;]<\/p>\n","protected":false},"author":1,"featured_media":0,"parent":0,"menu_order":0,"comment_status":"closed","ping_status":"closed","template":"","meta":{"footnotes":""},"class_list":["post-75","page","type-page","status-publish","hentry"],"_links":{"self":[{"href":"https:\/\/www.hedenstedgolf.dk\/seniorsection\/wp-json\/wp\/v2\/pages\/75","targetHints":{"allow":["GET"]}}],"collection":[{"href":"https:\/\/www.hedenstedgolf.dk\/seniorsection\/wp-json\/wp\/v2\/pages"}],"about":[{"href":"https:\/\/www.hedenstedgolf.dk\/seniorsection\/wp-json\/wp\/v2\/types\/page"}],"author":[{"embeddable":true,"href":"https:\/\/www.hedenstedgolf.dk\/seniorsection\/wp-json\/wp\/v2\/users\/1"}],"replies":[{"embeddable":true,"href":"https:\/\/www.hedenstedgolf.dk\/seniorsection\/wp-json\/wp\/v2\/comments?post=75"}],"version-history":[{"count":18,"href":"https:\/\/www.hedenstedgolf.dk\/seniorsection\/wp-json\/wp\/v2\/pages\/75\/revisions"}],"predecessor-version":[{"id":351,"href":"https:\/\/www.hedenstedgolf.dk\/seniorsection\/wp-json\/wp\/v2\/pages\/75\/revisions\/351"}],"wp:attachment":[{"href":"https:\/\/www.hedenstedgolf.dk\/seniorsection\/wp-json\/wp\/v2\/media?parent=75"}],"curies":[{"name":"wp","href":"https:\/\/api.w.org\/{rel}","templated":true}]}}