{"id":287,"date":"2024-12-04T11:24:15","date_gmt":"2024-12-04T10:24:15","guid":{"rendered":"https:\/\/www.hedenstedgolf.dk\/seniorsection\/?page_id=287"},"modified":"2026-03-14T19:38:04","modified_gmt":"2026-03-14T18:38:04","slug":"kontingent-2026-2","status":"publish","type":"page","link":"https:\/\/www.hedenstedgolf.dk\/seniorsection\/kontingent-2026-2\/","title":{"rendered":"Kontingent 2026"},"content":{"rendered":"<h1>Kontingent for 2026<\/h1>\n<p>Kontingentet til Seniorklubben for s\u00e6sonen i 2026 er kr. 300.<\/p>\n<p>Bel\u00f8bet kan inds\u00e6ttes p\u00e5 konto 1681-3223112713 i Middelfart Sparekasse eller MobilePay 638166 senest den 1. april 2026.<\/p>\n<p>(<strong><em>Husk at opgive navn og medlemsnummer i Hedensted Golf Klub ved indbetaling af kontingentet)<\/em><\/strong><\/p>\n","protected":false},"excerpt":{"rendered":"<p>Kontingent for 2026 Kontingentet til Seniorklubben for s\u00e6sonen i 2026 er kr. 300. Bel\u00f8bet kan inds\u00e6ttes p\u00e5 konto 1681-3223112713 i Middelfart Sparekasse eller MobilePay 638166 senest den 1. april 2026. (Husk at opgive navn og medlemsnummer i Hedensted Golf Klub ved indbetaling af kontingentet)<\/p>\n","protected":false},"author":2,"featured_media":0,"parent":0,"menu_order":0,"comment_status":"closed","ping_status":"closed","template":"","meta":{"footnotes":""},"class_list":["post-287","page","type-page","status-publish","hentry"],"_links":{"self":[{"href":"https:\/\/www.hedenstedgolf.dk\/seniorsection\/wp-json\/wp\/v2\/pages\/287","targetHints":{"allow":["GET"]}}],"collection":[{"href":"https:\/\/www.hedenstedgolf.dk\/seniorsection\/wp-json\/wp\/v2\/pages"}],"about":[{"href":"https:\/\/www.hedenstedgolf.dk\/seniorsection\/wp-json\/wp\/v2\/types\/page"}],"author":[{"embeddable":true,"href":"https:\/\/www.hedenstedgolf.dk\/seniorsection\/wp-json\/wp\/v2\/users\/2"}],"replies":[{"embeddable":true,"href":"https:\/\/www.hedenstedgolf.dk\/seniorsection\/wp-json\/wp\/v2\/comments?post=287"}],"version-history":[{"count":3,"href":"https:\/\/www.hedenstedgolf.dk\/seniorsection\/wp-json\/wp\/v2\/pages\/287\/revisions"}],"predecessor-version":[{"id":335,"href":"https:\/\/www.hedenstedgolf.dk\/seniorsection\/wp-json\/wp\/v2\/pages\/287\/revisions\/335"}],"wp:attachment":[{"href":"https:\/\/www.hedenstedgolf.dk\/seniorsection\/wp-json\/wp\/v2\/media?parent=287"}],"curies":[{"name":"wp","href":"https:\/\/api.w.org\/{rel}","templated":true}]}}