{"id":63,"date":"2026-04-05T06:00:39","date_gmt":"2026-04-05T05:00:39","guid":{"rendered":"http:\/\/www.hedenstedgolf.dk\/ladiessection\/?page_id=63"},"modified":"2026-04-05T17:11:24","modified_gmt":"2026-04-05T16:11:24","slug":"tilmelding-og-generel-information","status":"publish","type":"page","link":"https:\/\/www.hedenstedgolf.dk\/ladiessection\/tilmelding-og-generel-information\/","title":{"rendered":"Tilmelding og generel information"},"content":{"rendered":"<h1>Tilmelding og generel information<\/h1>\n<h3>Form\u00e5l<\/h3>\n<ul>\n<li>at dygtigg\u00f8re sig og udvikle s\u00e5vel \u00f8vede, som nye spillere<\/li>\n<li>at diskutere golf- og etikette regler<\/li>\n<li>at \u00f8ge spillernes viden om golf- og etikette regler<\/li>\n<li>at kombinere golfspillet med kammeratligt samv\u00e6r i en afslappende atmosf\u00e6re<\/li>\n<\/ul>\n<h3>Betingelser for deltagelse<\/h3>\n<p>Ladies Section er en klub for kvindelige medlemmer i Hedensted Golf Klub. Er du fyldt 21 \u00e5r og frigivet til stor bane, hvortil der betales fuldt kontingent til klubben er du velkommen. Der stilles under normale omst\u00e6ndigheder ingen krav til dit golf handicap, dog vil det v\u00e6re en fordel, at kunne v\u00e6re med p\u00e5 en runde, som ikke overskrider 4 timer.<\/p>\n<h3>Nye medlemmer\/Indmeldelse<\/h3>\n<p>Vi optager gerne nye medlemmer, ogs\u00e5 i l\u00f8bet af s\u00e6sonen. Indmeldelse sker ved indbetaling af kontingent p\u00e5 kr. 300,- ved overf\u00f8rsel til Middelfart Sparekasse <strong>1681-3223238407 &#8211; husk <\/strong>at oplyse dit DGU nr. f\u00f8rst og navn i meddelelsesfeltet.<\/p>\n<h3>Spilletider og matchform<\/h3>\n<p>Vi spiller match hver tirsdag gennem hele s\u00e6sonen fra april til oktober.<br \/>\nDer vil v\u00e6re forskellige spilleformer \u2013 prim\u00e6rt stableford.<\/p>\n<p>Vi spiller 18 huller \u2013 dog kun 9 huller f\u00f8rst og sidst p\u00e5 s\u00e6sonen, da vi med f\u00e5 undtagelser (se programmet) altid starter <strong>kl. 16.30.<\/strong><br \/>\nVi spiller i en A-r\u00e6kke og en B-r\u00e6kke, som opdeles i to lige store r\u00e6kker.<\/p>\n<p>Vi m\u00f8der ind og melder os klar til start i matchrummet<strong> senest et kvarter f\u00f8r gunstart<\/strong>.<\/p>\n<p>Efter matchen er der spisning og pr\u00e6mieoverr\u00e6kkelse i caf\u00e9en. Vore sponsorer bidrager til, at vi kan uddele pr\u00e6mier ved vores matcher.<br \/>\nG\u00e6stespillere og pr\u00f8vespillere deltager normalt ikke i pr\u00e6mier\u00e6kken.<\/p>\n<p>Alle scorekort fra 18 hullers matcher indberettes.<\/p>\n<h3>Tilmelding til matcher<\/h3>\n<p>Tilmelding til matcher sker via Golfbox<strong> senest s\u00f8ndag kl. 18.00, f\u00f8r matchdag<\/strong>. Du tilmelder dig til spisning via Golfbox. Betaling foreg\u00e5r i restauranten efter matchen.<\/p>\n<p>Er du i tvivl, om du kan v\u00e6re med om tirsdagen, er det bedre at melde sig til, og efterf\u00f8lgende melde afbud, da det er lettere for matchledelsen at h\u00e5ndtere et afbud, frem for en sen tilmelding.\u00a0 Du m\u00e5 ikke forvente at f\u00e5 en plads i matchen, eller at deltage i pr\u00e6mier\u00e6kken ved tilmelding efter deadline.<\/p>\n<p>Bliver du forhindret,\u00a0 sender du en SMS til matchlederen, som fremg\u00e5r i Golfbox.<\/p>\n<p>Der er ingen matchfee.<\/p>\n<h3>G\u00e6ster<\/h3>\n<p>Da vi meget gerne ser flere og nye medlemmer i Ladies Section, kan medlemmer af Ladies Section tage en g\u00e6st med. En g\u00e6stespiller kan deltage \u00e9n gang pr. s\u00e6son. Du tilmelder din g\u00e6stespiller via Golfbox\u00a0 og giver matchledelsen p\u00e5 spilledagen besked. G\u00e6stespillere kan ikke indg\u00e5 i pr\u00e6mier\u00e6kken.<\/p>\n<h3>Kontingent<\/h3>\n<p><strong>Kr. 300,-<\/strong> som indbetales<strong>\u00a0<\/strong>til vores konto i Middelfart Sparekasse <strong>1681-3223238407<\/strong><strong><br \/>\n<\/strong><\/p>\n<p>Udflugter er med egenbetaling.<strong>\u00a0<\/strong><\/p>\n<h3>Opslagstavle i klubben<\/h3>\n<p>Du kan finde information om Ladies Section p\u00e5 opslagstavlen i klubhuset, lige overfor matchrummet. Her kan du se vores program, sponsorer, resultater efter match m.m.<\/p>\n<h3>Information\/Kommunikation<\/h3>\n<p>Har vi f\u00e5et din mailadresse ved tilmelding, kommer du p\u00e5 maillisten, s\u00e5 vi kan sende dig information, f.eks. i forbindelse med\u00a0 \u00e6ndringer i programmet mv.<br \/>\nVi fors\u00f8ger ogs\u00e5 s\u00e5 vidt det er muligt, at opdatere vores hjemmeside l\u00f8bende.<\/p>\n<p>Du er velkommen til at f\u00f8lge vores <a href=\"https:\/\/www.facebook.com\/groups\/339713409557541\">FaceBook gruppe Ladies Section Hedensted<\/a>.<\/p>\n<p>Har du noget p\u00e5 hjerte, kan du skrive til os p\u00e5 \u00a0<a href=\"mailto:ladiessectionhedensted@gmail.com\">ladiessectionhedensted@gmail.com<\/a><\/p>\n","protected":false},"excerpt":{"rendered":"<p>Tilmelding og generel information Form\u00e5l at dygtigg\u00f8re sig og udvikle s\u00e5vel \u00f8vede, som nye spillere at diskutere golf- og etikette regler at \u00f8ge spillernes viden om golf- og etikette regler at kombinere golfspillet med kammeratligt samv\u00e6r i en afslappende atmosf\u00e6re Betingelser for deltagelse Ladies Section er en klub for kvindelige medlemmer i Hedensted Golf Klub. [&hellip;]<\/p>\n","protected":false},"author":1,"featured_media":0,"parent":0,"menu_order":0,"comment_status":"closed","ping_status":"closed","template":"","meta":{"footnotes":""},"class_list":["post-63","page","type-page","status-publish","hentry"],"_links":{"self":[{"href":"https:\/\/www.hedenstedgolf.dk\/ladiessection\/wp-json\/wp\/v2\/pages\/63","targetHints":{"allow":["GET"]}}],"collection":[{"href":"https:\/\/www.hedenstedgolf.dk\/ladiessection\/wp-json\/wp\/v2\/pages"}],"about":[{"href":"https:\/\/www.hedenstedgolf.dk\/ladiessection\/wp-json\/wp\/v2\/types\/page"}],"author":[{"embeddable":true,"href":"https:\/\/www.hedenstedgolf.dk\/ladiessection\/wp-json\/wp\/v2\/users\/1"}],"replies":[{"embeddable":true,"href":"https:\/\/www.hedenstedgolf.dk\/ladiessection\/wp-json\/wp\/v2\/comments?post=63"}],"version-history":[{"count":54,"href":"https:\/\/www.hedenstedgolf.dk\/ladiessection\/wp-json\/wp\/v2\/pages\/63\/revisions"}],"predecessor-version":[{"id":702,"href":"https:\/\/www.hedenstedgolf.dk\/ladiessection\/wp-json\/wp\/v2\/pages\/63\/revisions\/702"}],"wp:attachment":[{"href":"https:\/\/www.hedenstedgolf.dk\/ladiessection\/wp-json\/wp\/v2\/media?parent=63"}],"curies":[{"name":"wp","href":"https:\/\/api.w.org\/{rel}","templated":true}]}}